{"id":2533,"date":"2026-04-21T11:01:20","date_gmt":"2026-04-21T13:01:20","guid":{"rendered":"https:\/\/csdf-rdc.org\/?page_id=2533"},"modified":"2026-04-21T11:58:12","modified_gmt":"2026-04-21T13:58:12","slug":"offres-demploi-internes-et-externes","status":"publish","type":"page","link":"https:\/\/csdf-rdc.org\/?page_id=2533","title":{"rendered":"Offres d\u2019emploi internes et externes"},"content":{"rendered":"\t\t<div data-elementor-type=\"wp-page\" data-elementor-id=\"2533\" class=\"elementor elementor-2533\">\n\t\t\t\t\t\t<section class=\"elementor-section elementor-top-section elementor-element elementor-element-e6bb3ae elementor-section-full_width elementor-section-height-default elementor-section-height-default wpr-particle-no wpr-jarallax-no wpr-parallax-no wpr-sticky-section-no wpr-equal-height-no\" data-id=\"e6bb3ae\" data-element_type=\"section\" data-e-type=\"section\" data-settings=\"{&quot;background_background&quot;:&quot;classic&quot;}\">\n\t\t\t\t\t\t<div class=\"elementor-container elementor-column-gap-default\">\n\t\t\t\t\t<div class=\"elementor-column elementor-col-100 elementor-top-column elementor-element elementor-element-7d60cfe\" data-id=\"7d60cfe\" data-element_type=\"column\" data-e-type=\"column\">\n\t\t\t<div class=\"elementor-widget-wrap elementor-element-populated\">\n\t\t\t\t\t\t<section class=\"elementor-section elementor-inner-section elementor-element elementor-element-30e7e58 elementor-section-boxed elementor-section-height-default elementor-section-height-default wpr-particle-no wpr-jarallax-no wpr-parallax-no wpr-sticky-section-no wpr-equal-height-no\" data-id=\"30e7e58\" data-element_type=\"section\" data-e-type=\"section\">\n\t\t\t\t\t\t<div class=\"elementor-container elementor-column-gap-default\">\n\t\t\t\t\t<div class=\"elementor-column elementor-col-100 elementor-inner-column elementor-element elementor-element-2ee8d6e\" data-id=\"2ee8d6e\" data-element_type=\"column\" data-e-type=\"column\">\n\t\t\t<div class=\"elementor-widget-wrap elementor-element-populated\">\n\t\t\t\t\t\t<div class=\"elementor-element elementor-element-7c533b3 elementor-widget elementor-widget-heading\" data-id=\"7c533b3\" data-element_type=\"widget\" data-e-type=\"widget\" data-widget_type=\"heading.default\">\n\t\t\t\t<div class=\"elementor-widget-container\">\n\t\t\t\t\t<h2 class=\"elementor-heading-title elementor-size-default\">Offres d\u2019emploi internes et externes<\/h2>\t\t\t\t<\/div>\n\t\t\t\t<\/div>\n\t\t\t\t\t<\/div>\n\t\t<\/div>\n\t\t\t\t\t<\/div>\n\t\t<\/section>\n\t\t\t\t<section class=\"elementor-section elementor-inner-section elementor-element elementor-element-3911f09 animated-slow elementor-section-boxed elementor-section-height-default elementor-section-height-default wpr-particle-no wpr-jarallax-no wpr-parallax-no wpr-sticky-section-no wpr-equal-height-no elementor-invisible\" data-id=\"3911f09\" data-element_type=\"section\" data-e-type=\"section\" data-settings=\"{&quot;animation&quot;:&quot;fadeInUp&quot;}\">\n\t\t\t\t\t\t<div class=\"elementor-container elementor-column-gap-default\">\n\t\t\t\t\t<div class=\"elementor-column elementor-col-100 elementor-inner-column elementor-element elementor-element-739c932\" data-id=\"739c932\" data-element_type=\"column\" data-e-type=\"column\">\n\t\t\t<div class=\"elementor-widget-wrap elementor-element-populated\">\n\t\t\t\t\t\t<div class=\"elementor-element elementor-element-8dc9024 elementor-widget elementor-widget-text-editor\" data-id=\"8dc9024\" data-element_type=\"widget\" data-e-type=\"widget\" data-widget_type=\"text-editor.default\">\n\t\t\t\t<div class=\"elementor-widget-container\">\n\t\t\t\t\t\t\t\t\t\n<table id=\"tablepress-3\" class=\"tablepress tablepress-id-3 tbody-has-connected-cells\">\n<thead>\n<tr class=\"row-1\">\n\t<th colspan=\"2\" class=\"column-1\">        <strong><u>OFFRE D\u2019EMPLOI\u00a0EXTERNE ET INTERNE N\u00b0004\/CSDF\/NK\/2026<\/u><\/strong><\/th>\n<\/tr>\n<\/thead>\n<tbody class=\"row-striping row-hover\">\n<tr class=\"row-2\">\n\t<td class=\"column-1\"><strong>Titre du poste<\/strong><\/td><td class=\"column-2\"><strong>AGENT DE SANT\u00c9 MENTALE ET SOUTIEN PSYCHOSOCIAL (SMSPS)<\/strong><\/td>\n<\/tr>\n<tr class=\"row-3\">\n\t<td colspan=\"2\" class=\"column-1\">L\u2019Agent de SMSPS intervient au c\u0153ur des activit\u00e9s communautaires et des services aux survivantes. Elle assure l\u2019accompagnement psychosocial, l\u2019identification des cas vuln\u00e9rables et la coordination avec les services de sant\u00e9, protection et justice.<\/td>\n<\/tr>\n<tr class=\"row-4\">\n\t<td class=\"column-1\"><strong>Besoin<\/strong><\/td><td class=\"column-2\"><strong>1 (Femme)<\/strong><\/td>\n<\/tr>\n<tr class=\"row-5\">\n\t<td class=\"column-1\"><strong>Lieu d\u2019affectation<\/strong><\/td><td class=\"column-2\"><strong>Goma avec des descentes sur terrain<\/strong><\/td>\n<\/tr>\n<tr class=\"row-6\">\n\t<td class=\"column-1\"><strong>Types de Contrat<\/strong><\/td><td class=\"column-2\"><strong>Contrat B\u00e9n\u00e9vole<\/strong><\/td>\n<\/tr>\n<tr class=\"row-7\">\n\t<td class=\"column-1\"><strong>Date de publication<\/strong><\/td><td class=\"column-2\"><strong>23-Apr-26<\/strong><\/td>\n<\/tr>\n<tr class=\"row-8\">\n\t<td class=\"column-1\"><strong>Date limite<\/strong><\/td><td class=\"column-2\"><strong>30-Apr-26<\/strong><\/td>\n<\/tr>\n<tr class=\"row-9\">\n\t<td colspan=\"2\" class=\"column-1\"><a href=\"https:\/\/csdf-rdc.org\/wp-content\/uploads\/2026\/04\/AGENT-DE-SANTE-MENTALE-ET-SOUTIEN-PSYCHOSOCIAL-SMSPS.pdf\">TELECHARGER L&rsquo;OFFRE D&rsquo;EMPLOI<\/a><\/td>\n<\/tr>\n<\/tbody>\n<\/table>\n<!-- #tablepress-3 from cache -->\t\t\t\t\t\t\t\t<\/div>\n\t\t\t\t<\/div>\n\t\t\t\t\t<\/div>\n\t\t<\/div>\n\t\t\t\t\t<\/div>\n\t\t<\/section>\n\t\t\t\t<section class=\"elementor-section elementor-inner-section elementor-element elementor-element-d3791cf animated-slow elementor-section-boxed elementor-section-height-default elementor-section-height-default wpr-particle-no wpr-jarallax-no wpr-parallax-no wpr-sticky-section-no wpr-equal-height-no elementor-invisible\" data-id=\"d3791cf\" data-element_type=\"section\" data-e-type=\"section\" data-settings=\"{&quot;animation&quot;:&quot;fadeInUp&quot;}\">\n\t\t\t\t\t\t<div class=\"elementor-container elementor-column-gap-default\">\n\t\t\t\t\t<div class=\"elementor-column elementor-col-100 elementor-inner-column elementor-element elementor-element-5940d09\" data-id=\"5940d09\" data-element_type=\"column\" data-e-type=\"column\">\n\t\t\t<div class=\"elementor-widget-wrap elementor-element-populated\">\n\t\t\t\t\t\t<div class=\"elementor-element elementor-element-7a676e5 elementor-widget elementor-widget-text-editor\" data-id=\"7a676e5\" data-element_type=\"widget\" data-e-type=\"widget\" data-widget_type=\"text-editor.default\">\n\t\t\t\t<div class=\"elementor-widget-container\">\n\t\t\t\t\t\t\t\t\t\n<table id=\"tablepress-4\" class=\"tablepress tablepress-id-4 tbody-has-connected-cells\">\n<thead>\n<tr class=\"row-1\">\n\t<th colspan=\"2\" class=\"column-1\"><strong> <strong><u>OFFRE D\u2019EMPLOI\u00a0EXTERNE ET INTERNE N\u00b0003CSDF\/NK\/2026<\/u><\/strong><\/strong><\/th>\n<\/tr>\n<\/thead>\n<tbody class=\"row-striping row-hover\">\n<tr class=\"row-2\">\n\t<td class=\"column-1\"><strong><\/strong><\/td><td class=\"column-2\"><\/td>\n<\/tr>\n<tr class=\"row-3\">\n\t<td class=\"column-1\"><strong><\/strong><\/td><td class=\"column-2\"><\/td>\n<\/tr>\n<tr class=\"row-4\">\n\t<td class=\"column-1\"><strong>Titre du poste<\/strong><\/td><td class=\"column-2\"><strong>CHARG\u00c9(E) DE MOBILISATION DES RESSOURCES ET PARTENARIATS<\/strong><\/td>\n<\/tr>\n<tr class=\"row-5\">\n\t<td colspan=\"2\" class=\"column-1\">Le poste s\u2019inscrit dans une dynamique strat\u00e9gique visant \u00e0 diversifier les financements (locaux, nationaux, internationaux), renforcer la visibilit\u00e9 et cr\u00e9dibilit\u00e9 du CSDF, et d\u00e9velopper des partenariats durables. Il r\u00e9pond \u00e0 la n\u00e9cessit\u00e9 de r\u00e9duire une d\u00e9pendance de plus de 60 % \u00e0 un seul bailleur, d\u2019aligner les ressources au plan 2025\u20132030 et de saisir efficacement les opportunit\u00e9s dans un contexte volatile.<\/td>\n<\/tr>\n<tr class=\"row-6\">\n\t<td class=\"column-1\"><strong>Besoin<\/strong><\/td><td class=\"column-2\"><strong>1 (sexe confondu)<\/strong><\/td>\n<\/tr>\n<tr class=\"row-7\">\n\t<td class=\"column-1\"><strong>Lieu d\u2019affectation<\/strong><\/td><td class=\"column-2\"><strong>Goma avec des descentes sur terrain<\/strong><\/td>\n<\/tr>\n<tr class=\"row-8\">\n\t<td class=\"column-1\"><strong>Types de Contrat<\/strong><\/td><td class=\"column-2\"><strong>Contrat B\u00e9n\u00e9vole<\/strong><\/td>\n<\/tr>\n<tr class=\"row-9\">\n\t<td class=\"column-1\"><strong>Date de publication<\/strong><\/td><td class=\"column-2\"><strong>23-Apr-26<\/strong><\/td>\n<\/tr>\n<tr class=\"row-10\">\n\t<td class=\"column-1\"><strong>Date limite<\/strong><\/td><td class=\"column-2\"><strong>10-May-26<\/strong><\/td>\n<\/tr>\n<tr class=\"row-11\">\n\t<td colspan=\"2\" class=\"column-1\"><a href=\"https:\/\/csdf-rdc.org\/wp-content\/uploads\/2026\/04\/CHARGEE-DE-MOBILISATION-DES-RESSOURCES-ET-PARTENARIATS.pdf\">TELECHARGER L&rsquo;OFFRE D&rsquo;EMPLOI<\/a><\/td>\n<\/tr>\n<\/tbody>\n<\/table>\n<!-- #tablepress-4 from cache -->\t\t\t\t\t\t\t\t<\/div>\n\t\t\t\t<\/div>\n\t\t\t\t\t<\/div>\n\t\t<\/div>\n\t\t\t\t\t<\/div>\n\t\t<\/section>\n\t\t\t\t<section class=\"elementor-section elementor-inner-section elementor-element elementor-element-40f6377 animated-slow elementor-section-boxed elementor-section-height-default elementor-section-height-default wpr-particle-no wpr-jarallax-no wpr-parallax-no wpr-sticky-section-no wpr-equal-height-no elementor-invisible\" data-id=\"40f6377\" data-element_type=\"section\" data-e-type=\"section\" data-settings=\"{&quot;animation&quot;:&quot;fadeInUp&quot;}\">\n\t\t\t\t\t\t<div class=\"elementor-container elementor-column-gap-default\">\n\t\t\t\t\t<div class=\"elementor-column elementor-col-100 elementor-inner-column elementor-element elementor-element-874ee58\" data-id=\"874ee58\" data-element_type=\"column\" data-e-type=\"column\">\n\t\t\t<div class=\"elementor-widget-wrap elementor-element-populated\">\n\t\t\t\t\t\t<div class=\"elementor-element elementor-element-9e6f912 elementor-widget elementor-widget-text-editor\" data-id=\"9e6f912\" data-element_type=\"widget\" data-e-type=\"widget\" data-widget_type=\"text-editor.default\">\n\t\t\t\t<div class=\"elementor-widget-container\">\n\t\t\t\t\t\t\t\t\t\n<table id=\"tablepress-5\" class=\"tablepress tablepress-id-5 tbody-has-connected-cells\">\n<thead>\n<tr class=\"row-1\">\n\t<th colspan=\"2\" class=\"column-1\"><strong><u>OFFRE D\u2019EMPLOI\u00a0EXTERNE ET INTERNE N\u00b0002\/CSDF\/NK\/2026<\/u><\/strong><\/th>\n<\/tr>\n<\/thead>\n<tbody class=\"row-striping row-hover\">\n<tr class=\"row-2\">\n\t<td class=\"column-1\"><\/td><td class=\"column-2\"><\/td>\n<\/tr>\n<tr class=\"row-3\">\n\t<td class=\"column-1\"><\/td><td class=\"column-2\"><\/td>\n<\/tr>\n<tr class=\"row-4\">\n\t<td class=\"column-1\"><strong>Titre du poste<\/strong><\/td><td class=\"column-2\"><strong>CHARG\u00c9E DE R\u00c9INSERTION SOCIO\u00c9CONOMIQUE <\/strong><\/td>\n<\/tr>\n<tr class=\"row-5\">\n\t<td colspan=\"2\" class=\"column-1\">Sous la supervision directe de la Superviseure du projet, la Charg\u00e9e de R\u00e9insertion Socio\u00e9conomique sera responsable du suivi des activit\u00e9s d\u2019autonomisation \u00e9conomique, de la collecte et de l\u2019analyse des donn\u00e9es, ainsi que du rapportage des r\u00e9sultats.<\/td>\n<\/tr>\n<tr class=\"row-6\">\n\t<td colspan=\"2\" class=\"column-1\">Elle jouera un r\u00f4le cl\u00e9 dans l\u2019am\u00e9lioration de la qualit\u00e9 des interventions et l\u2019atteinte des objectifs du projet.<\/td>\n<\/tr>\n<tr class=\"row-7\">\n\t<td class=\"column-1\"><strong>Besoin<\/strong><\/td><td class=\"column-2\"><strong>1 (Femme)<\/strong><\/td>\n<\/tr>\n<tr class=\"row-8\">\n\t<td class=\"column-1\"><strong>Lieu d\u2019affectation<\/strong><\/td><td class=\"column-2\"><strong>Goma avec des descentes sur terrain<\/strong><\/td>\n<\/tr>\n<tr class=\"row-9\">\n\t<td class=\"column-1\"><strong>Types de Contrat<\/strong><\/td><td class=\"column-2\"><strong>Contrat B\u00e9n\u00e9vole<\/strong><\/td>\n<\/tr>\n<tr class=\"row-10\">\n\t<td class=\"column-1\"><strong>Date de publication<\/strong><\/td><td class=\"column-2\"><strong>23-Apr-26<\/strong><\/td>\n<\/tr>\n<tr class=\"row-11\">\n\t<td class=\"column-1\"><strong>Date limite<\/strong><\/td><td class=\"column-2\"><strong>30-Apr-26<\/strong><\/td>\n<\/tr>\n<tr class=\"row-12\">\n\t<td colspan=\"2\" class=\"column-1\"><a href=\"https:\/\/csdf-rdc.org\/wp-content\/uploads\/2026\/04\/CHARGEE-DE-REINSERTION-SOCIOECONOMIQUE.pdf\">TELECHARGER L&rsquo;OFFRE D&rsquo;EMPLOI<\/a><\/td>\n<\/tr>\n<\/tbody>\n<\/table>\n<!-- #tablepress-5 from cache -->\t\t\t\t\t\t\t\t<\/div>\n\t\t\t\t<\/div>\n\t\t\t\t\t<\/div>\n\t\t<\/div>\n\t\t\t\t\t<\/div>\n\t\t<\/section>\n\t\t\t\t<section class=\"elementor-section elementor-inner-section elementor-element elementor-element-501f236 animated-slow elementor-section-boxed elementor-section-height-default elementor-section-height-default wpr-particle-no wpr-jarallax-no wpr-parallax-no wpr-sticky-section-no wpr-equal-height-no elementor-invisible\" data-id=\"501f236\" data-element_type=\"section\" data-e-type=\"section\" data-settings=\"{&quot;animation&quot;:&quot;fadeInUp&quot;}\">\n\t\t\t\t\t\t<div class=\"elementor-container elementor-column-gap-default\">\n\t\t\t\t\t<div class=\"elementor-column elementor-col-100 elementor-inner-column elementor-element elementor-element-9930e34\" data-id=\"9930e34\" data-element_type=\"column\" data-e-type=\"column\">\n\t\t\t<div class=\"elementor-widget-wrap elementor-element-populated\">\n\t\t\t\t\t\t<div class=\"elementor-element elementor-element-61ea57b elementor-widget elementor-widget-text-editor\" data-id=\"61ea57b\" data-element_type=\"widget\" data-e-type=\"widget\" data-widget_type=\"text-editor.default\">\n\t\t\t\t<div class=\"elementor-widget-container\">\n\t\t\t\t\t\t\t\t\t\n<table id=\"tablepress-6\" class=\"tablepress tablepress-id-6 tbody-has-connected-cells\">\n<thead>\n<tr class=\"row-1\">\n\t<th colspan=\"2\" class=\"column-1\"><strong><u>OFFRE D\u2019EMPLOI\u00a0EXTERNE ET INTERNE N\u00b0001\/CSDF\/NK\/2026<\/u><\/strong><\/th>\n<\/tr>\n<\/thead>\n<tbody class=\"row-striping row-hover\">\n<tr class=\"row-2\">\n\t<td class=\"column-1\"><strong>Titre du poste<\/strong><\/td><td class=\"column-2\"><strong>SUPERVISEURE BENEVOLE TERRAIN<\/strong><\/td>\n<\/tr>\n<tr class=\"row-3\">\n\t<td colspan=\"2\" class=\"column-1\">La superviseure de projet b\u00e9n\u00e9vole est charg\u00e9e d\u2019assurer la mise en \u0153uvre op\u00e9rationnelle du projet sur le terrain, le suivi des activit\u00e9s, la collecte et le traitement des donn\u00e9es, la coordination avec les b\u00e9n\u00e9ficiaires, les partenaires et les autorit\u00e9s locales, ainsi que le respect des proc\u00e9dures du CSDF et le suivi budg\u00e9taire minimal requis pour la justification des d\u00e9penses.<\/td>\n<\/tr>\n<tr class=\"row-4\">\n\t<td class=\"column-1\"><strong>Besoin<\/strong><\/td><td class=\"column-2\"><strong>1 (Femme)<\/strong><\/td>\n<\/tr>\n<tr class=\"row-5\">\n\t<td class=\"column-1\"><strong>Lieu d\u2019affectation<\/strong><\/td><td class=\"column-2\"><strong>Goma avec des descentes sur terrain<\/strong><\/td>\n<\/tr>\n<tr class=\"row-6\">\n\t<td class=\"column-1\"><strong>Types de Contrat<\/strong><\/td><td class=\"column-2\"><strong>Contrat B\u00e9n\u00e9vole<\/strong><\/td>\n<\/tr>\n<tr class=\"row-7\">\n\t<td class=\"column-1\"><strong>Date de publication<\/strong><\/td><td class=\"column-2\"><strong>23-Apr-26<\/strong><\/td>\n<\/tr>\n<tr class=\"row-8\">\n\t<td class=\"column-1\"><strong>Date limite<\/strong><\/td><td class=\"column-2\"><strong>30-Apr-26<\/strong><\/td>\n<\/tr>\n<tr class=\"row-9\">\n\t<td colspan=\"2\" class=\"column-1\"><a href=\"https:\/\/csdf-rdc.org\/wp-content\/uploads\/2026\/04\/SUPERVISEURE-BENEVOLE-TERRAIN.pdf\">TELECHARGER L&rsquo;OFFRE D&rsquo;EMPLOI<\/a><\/td>\n<\/tr>\n<\/tbody>\n<\/table>\n<!-- #tablepress-6 from cache -->\t\t\t\t\t\t\t\t<\/div>\n\t\t\t\t<\/div>\n\t\t\t\t\t<\/div>\n\t\t<\/div>\n\t\t\t\t\t<\/div>\n\t\t<\/section>\n\t\t\t\t\t<\/div>\n\t\t<\/div>\n\t\t\t\t\t<\/div>\n\t\t<\/section>\n\t\t\t\t<section class=\"elementor-section elementor-top-section elementor-element elementor-element-d354fdf elementor-section-boxed elementor-section-height-default elementor-section-height-default wpr-particle-no wpr-jarallax-no wpr-parallax-no wpr-sticky-section-no wpr-equal-height-no\" data-id=\"d354fdf\" data-element_type=\"section\" data-e-type=\"section\">\n\t\t\t\t\t\t<div class=\"elementor-container elementor-column-gap-default\">\n\t\t\t\t\t<div class=\"elementor-column elementor-col-50 elementor-top-column elementor-element elementor-element-646fa70\" data-id=\"646fa70\" data-element_type=\"column\" data-e-type=\"column\" data-settings=\"{&quot;background_background&quot;:&quot;classic&quot;}\">\n\t\t\t<div class=\"elementor-widget-wrap elementor-element-populated\">\n\t\t\t\t\t\t<div class=\"elementor-element elementor-element-33ae824 elementor-widget elementor-widget-heading\" data-id=\"33ae824\" data-element_type=\"widget\" data-e-type=\"widget\" data-widget_type=\"heading.default\">\n\t\t\t\t<div class=\"elementor-widget-container\">\n\t\t\t\t\t<h2 class=\"elementor-heading-title elementor-size-default\">Quelques astuces avant de postuler <\/h2>\t\t\t\t<\/div>\n\t\t\t\t<\/div>\n\t\t\t\t<div class=\"elementor-element elementor-element-cb96c5f elementor-widget elementor-widget-text-editor\" data-id=\"cb96c5f\" data-element_type=\"widget\" data-e-type=\"widget\" data-widget_type=\"text-editor.default\">\n\t\t\t\t<div class=\"elementor-widget-container\">\n\t\t\t\t\t\t\t\t\tAvec une vision claire et des perspectives ambitieuses, le CSDF se positionne comme un acteur cl\u00e9 dans la promotion des droits des femmes et des enfants en RDC et au-del\u00e0. L\u2019ouverture de bureaux r\u00e9gionaux et l\u2019\u00e9tablissement de collaborations internationales t\u00e9moignent de cette dynamique. Le CSDF incarne une aspiration forte : construire un monde o\u00f9 chaque femme et chaque enfant jouissent pleinement de leurs droits, de leur sant\u00e9 et de leur dignit\u00e9.\t\t\t\t\t\t\t\t<\/div>\n\t\t\t\t<\/div>\n\t\t\t\t<div class=\"elementor-element elementor-element-c9d21e5 elementor-widget__width-auto elementor-mobile-align-left elementor-widget elementor-widget-button\" data-id=\"c9d21e5\" data-element_type=\"widget\" data-e-type=\"widget\" data-widget_type=\"button.default\">\n\t\t\t\t<div class=\"elementor-widget-container\">\n\t\t\t\t\t\t\t\t\t<div class=\"elementor-button-wrapper\">\n\t\t\t\t\t<a class=\"elementor-button elementor-button-link elementor-size-sm\" href=\"https:\/\/csdf-rdc.org\/#contac\">\n\t\t\t\t\t\t<span class=\"elementor-button-content-wrapper\">\n\t\t\t\t\t\t\t\t\t<span class=\"elementor-button-text\">Nous contacter <\/span>\n\t\t\t\t\t<\/span>\n\t\t\t\t\t<\/a>\n\t\t\t\t<\/div>\n\t\t\t\t\t\t\t\t<\/div>\n\t\t\t\t<\/div>\n\t\t\t\t\t<\/div>\n\t\t<\/div>\n\t\t\t\t<div class=\"elementor-column elementor-col-50 elementor-top-column elementor-element elementor-element-bff0e95\" data-id=\"bff0e95\" data-element_type=\"column\" data-e-type=\"column\">\n\t\t\t<div class=\"elementor-widget-wrap elementor-element-populated\">\n\t\t\t\t\t\t<div class=\"elementor-element elementor-element-c3f4576 elementor-widget elementor-widget-heading\" data-id=\"c3f4576\" data-element_type=\"widget\" data-e-type=\"widget\" data-widget_type=\"heading.default\">\n\t\t\t\t<div class=\"elementor-widget-container\">\n\t\t\t\t\t<h2 class=\"elementor-heading-title elementor-size-default\">Promouvoir la Sant\u00e9, les Droits et la Protection des Femmes et des Enfants<\/h2>\t\t\t\t<\/div>\n\t\t\t\t<\/div>\n\t\t\t\t<div class=\"elementor-element elementor-element-7eea10e elementor-widget elementor-widget-text-editor\" data-id=\"7eea10e\" data-element_type=\"widget\" data-e-type=\"widget\" data-widget_type=\"text-editor.default\">\n\t\t\t\t<div class=\"elementor-widget-container\">\n\t\t\t\t\t\t\t\t\tL\u2019implantation du si\u00e8ge social \u00e0 Goma, dans le Nord-Kivu, marque un choix r\u00e9fl\u00e9chi et strat\u00e9gique. En s\u2019\u00e9tablissant au c\u0153ur d\u2019une r\u00e9gion riche en ressources humaines et naturelles mais confront\u00e9e \u00e0 des d\u00e9fis majeurs, tels que le manque d\u2019infrastructures de sant\u00e9 et de m\u00e9canismes de protection des droits, le Centre de Solidarit\u00e9 pour le D\u00e9veloppement des Femmes (CSDF) d\u00e9montre sa volont\u00e9 de travailler au plus pr\u00e8s des communaut\u00e9s vuln\u00e9rables. \t\t\t\t\t\t\t\t<\/div>\n\t\t\t\t<\/div>\n\t\t\t\t<div class=\"elementor-element elementor-element-8f9abc4 elementor-widget elementor-widget-text-editor\" data-id=\"8f9abc4\" data-element_type=\"widget\" data-e-type=\"widget\" data-widget_type=\"text-editor.default\">\n\t\t\t\t<div class=\"elementor-widget-container\">\n\t\t\t\t\t\t\t\t\t<p>Depuis sa cr\u00e9ation, le CSDF a su b\u00e2tir des fondations solides pour r\u00e9pondre aux besoins urgents tout en envisageant un avenir durable. Par des actions de sensibilisation, de plaidoyer, d\u2019assistance juridique, de soutien psychosocial et d\u2019\u00e9ducation, l\u2019organisation a non seulement renforc\u00e9 les capacit\u00e9s des b\u00e9n\u00e9ficiaires, mais elle a aussi influenc\u00e9 les politiques locales pour promouvoir l\u2019\u00e9galit\u00e9 des sexes.<\/p>\t\t\t\t\t\t\t\t<\/div>\n\t\t\t\t<\/div>\n\t\t\t\t<div class=\"elementor-element elementor-element-1c5b479 elementor-widget elementor-widget-text-editor\" data-id=\"1c5b479\" data-element_type=\"widget\" data-e-type=\"widget\" data-widget_type=\"text-editor.default\">\n\t\t\t\t<div class=\"elementor-widget-container\">\n\t\t\t\t\t\t\t\t\tSon approche holistique et participative a permis de sensibiliser des milliers de femmes et d\u2019enfants \u00e0 leurs droits fondamentaux. Le CSDF a \u00e9galement apport\u00e9 un accompagnement juridique et psychosocial \u00e0 de nombreuses survivantes de violences bas\u00e9es sur le genre, tout en initiant des campagnes pour promouvoir l\u2019\u00e9ducation des filles et lutter contre des pratiques pr\u00e9judiciables telles que le mariage pr\u00e9coce ou le travail des enfants.\n\n&nbsp;\t\t\t\t\t\t\t\t<\/div>\n\t\t\t\t<\/div>\n\t\t\t\t\t<\/div>\n\t\t<\/div>\n\t\t\t\t\t<\/div>\n\t\t<\/section>\n\t\t\t\t<\/div>\n\t\t","protected":false},"excerpt":{"rendered":"<p>Offres d\u2019emploi internes et externes Quelques astuces avant de postuler Avec une vision claire et des perspectives ambitieuses, le CSDF se positionne comme un acteur cl\u00e9 dans la promotion des droits des femmes et des enfants en RDC et au-del\u00e0. L\u2019ouverture de bureaux r\u00e9gionaux et l\u2019\u00e9tablissement de collaborations internationales t\u00e9moignent de cette dynamique. Le CSDF incarne une aspiration forte : construire un monde o\u00f9 chaque femme et chaque enfant jouissent pleinement de leurs droits, de leur sant\u00e9 et de leur dignit\u00e9. Nous contacter Promouvoir la Sant\u00e9, les Droits et la Protection des Femmes et des Enfants L\u2019implantation du si\u00e8ge social \u00e0 Goma, dans le Nord-Kivu, marque un choix r\u00e9fl\u00e9chi et strat\u00e9gique. En s\u2019\u00e9tablissant au c\u0153ur d\u2019une r\u00e9gion riche en ressources humaines et naturelles mais confront\u00e9e \u00e0 des d\u00e9fis majeurs, tels que le manque d\u2019infrastructures de sant\u00e9 et de m\u00e9canismes de protection des droits, le Centre de Solidarit\u00e9 pour le D\u00e9veloppement des Femmes (CSDF) d\u00e9montre sa volont\u00e9 de travailler au plus pr\u00e8s des communaut\u00e9s vuln\u00e9rables. Depuis sa cr\u00e9ation, le CSDF a su b\u00e2tir des fondations solides pour r\u00e9pondre aux besoins urgents tout en envisageant un avenir durable. Par des actions de sensibilisation, de plaidoyer, d\u2019assistance juridique, de soutien psychosocial et d\u2019\u00e9ducation, l\u2019organisation a non seulement renforc\u00e9 les capacit\u00e9s des b\u00e9n\u00e9ficiaires, mais elle a aussi influenc\u00e9 les politiques locales pour promouvoir l\u2019\u00e9galit\u00e9 des sexes. Son approche holistique et participative a permis de sensibiliser des milliers de femmes et d\u2019enfants \u00e0 leurs droits fondamentaux. Le CSDF a \u00e9galement apport\u00e9 un accompagnement juridique et psychosocial \u00e0 de nombreuses survivantes de violences bas\u00e9es sur le genre, tout en initiant des campagnes pour promouvoir l\u2019\u00e9ducation des filles et lutter contre des pratiques pr\u00e9judiciables telles que le mariage pr\u00e9coce ou le travail des enfants. &nbsp;<\/p>\n","protected":false},"author":1,"featured_media":2526,"parent":0,"menu_order":0,"comment_status":"closed","ping_status":"closed","template":"elementor_header_footer","meta":{"give_campaign_id":0,"advanced_seo_description":"","jetpack_seo_html_title":"","jetpack_seo_noindex":false,"jetpack_post_was_ever_published":false,"footnotes":""},"class_list":["post-2533","page","type-page","status-publish","has-post-thumbnail"],"campaignId":"","jetpack_sharing_enabled":true,"jetpack-related-posts":[],"_links":{"self":[{"href":"https:\/\/csdf-rdc.org\/index.php?rest_route=\/wp\/v2\/pages\/2533","targetHints":{"allow":["GET"]}}],"collection":[{"href":"https:\/\/csdf-rdc.org\/index.php?rest_route=\/wp\/v2\/pages"}],"about":[{"href":"https:\/\/csdf-rdc.org\/index.php?rest_route=\/wp\/v2\/types\/page"}],"author":[{"embeddable":true,"href":"https:\/\/csdf-rdc.org\/index.php?rest_route=\/wp\/v2\/users\/1"}],"replies":[{"embeddable":true,"href":"https:\/\/csdf-rdc.org\/index.php?rest_route=%2Fwp%2Fv2%2Fcomments&post=2533"}],"version-history":[{"count":19,"href":"https:\/\/csdf-rdc.org\/index.php?rest_route=\/wp\/v2\/pages\/2533\/revisions"}],"predecessor-version":[{"id":2573,"href":"https:\/\/csdf-rdc.org\/index.php?rest_route=\/wp\/v2\/pages\/2533\/revisions\/2573"}],"wp:featuredmedia":[{"embeddable":true,"href":"https:\/\/csdf-rdc.org\/index.php?rest_route=\/wp\/v2\/media\/2526"}],"wp:attachment":[{"href":"https:\/\/csdf-rdc.org\/index.php?rest_route=%2Fwp%2Fv2%2Fmedia&parent=2533"}],"curies":[{"name":"wp","href":"https:\/\/api.w.org\/{rel}","templated":true}]}}