{"id":819,"date":"2024-12-03T15:54:19","date_gmt":"2024-12-03T15:54:19","guid":{"rendered":"https:\/\/csdf-rdc.org\/?page_id=819"},"modified":"2025-08-16T08:21:02","modified_gmt":"2025-08-16T10:21:02","slug":"photo","status":"publish","type":"page","link":"https:\/\/csdf-rdc.org\/?page_id=819","title":{"rendered":"Photo"},"content":{"rendered":"\t\t<div data-elementor-type=\"wp-page\" data-elementor-id=\"819\" class=\"elementor elementor-819\">\n\t\t\t\t\t\t<section class=\"elementor-section elementor-top-section elementor-element elementor-element-1d23ed3 elementor-section-full_width elementor-section-height-default elementor-section-height-default wpr-particle-no wpr-jarallax-no wpr-parallax-no wpr-sticky-section-no wpr-equal-height-no\" data-id=\"1d23ed3\" data-element_type=\"section\" data-e-type=\"section\" data-settings=\"{&quot;background_background&quot;:&quot;classic&quot;}\">\n\t\t\t\t\t\t<div class=\"elementor-container elementor-column-gap-default\">\n\t\t\t\t\t<div class=\"elementor-column elementor-col-100 elementor-top-column elementor-element elementor-element-96775f0\" data-id=\"96775f0\" data-element_type=\"column\" data-e-type=\"column\">\n\t\t\t<div class=\"elementor-widget-wrap elementor-element-populated\">\n\t\t\t\t\t\t<section class=\"elementor-section elementor-inner-section elementor-element elementor-element-3169e77 elementor-section-content-middle elementor-section-boxed elementor-section-height-default elementor-section-height-default wpr-particle-no wpr-jarallax-no wpr-parallax-no wpr-sticky-section-no wpr-equal-height-no\" data-id=\"3169e77\" data-element_type=\"section\" data-e-type=\"section\">\n\t\t\t\t\t\t<div class=\"elementor-container elementor-column-gap-default\">\n\t\t\t\t\t<div class=\"elementor-column elementor-col-100 elementor-inner-column elementor-element elementor-element-a473560\" data-id=\"a473560\" data-element_type=\"column\" data-e-type=\"column\">\n\t\t\t<div class=\"elementor-widget-wrap elementor-element-populated\">\n\t\t\t\t\t\t<div class=\"elementor-element elementor-element-275ae24 elementor-widget elementor-widget-heading\" data-id=\"275ae24\" data-element_type=\"widget\" data-e-type=\"widget\" data-widget_type=\"heading.default\">\n\t\t\t\t<div class=\"elementor-widget-container\">\n\t\t\t\t\t<h2 class=\"elementor-heading-title elementor-size-default\">Promouvoir la participation politique des jeunes au Nord-Kivu et au Sud-Kivu \u00e0 travers l\u2019appropriation de l\u2019agenda Jeunesse, Paix et S\u00e9curit\u00e9<\/h2>\t\t\t\t<\/div>\n\t\t\t\t<\/div>\n\t\t\t\t<div class=\"elementor-element elementor-element-c6ab087 elementor-widget elementor-widget-gallery\" data-id=\"c6ab087\" data-element_type=\"widget\" data-e-type=\"widget\" data-settings=\"{&quot;columns&quot;:2,&quot;aspect_ratio&quot;:&quot;16:9&quot;,&quot;columns_mobile&quot;:2,&quot;lazyload&quot;:&quot;yes&quot;,&quot;gallery_layout&quot;:&quot;grid&quot;,&quot;columns_tablet&quot;:2,&quot;gap&quot;:{&quot;unit&quot;:&quot;px&quot;,&quot;size&quot;:10,&quot;sizes&quot;:[]},&quot;gap_tablet&quot;:{&quot;unit&quot;:&quot;px&quot;,&quot;size&quot;:10,&quot;sizes&quot;:[]},&quot;gap_mobile&quot;:{&quot;unit&quot;:&quot;px&quot;,&quot;size&quot;:10,&quot;sizes&quot;:[]},&quot;link_to&quot;:&quot;file&quot;,&quot;overlay_background&quot;:&quot;yes&quot;,&quot;content_hover_animation&quot;:&quot;fade-in&quot;}\" data-widget_type=\"gallery.default\">\n\t\t\t\t<div class=\"elementor-widget-container\">\n\t\t\t\t\t\t\t<div class=\"elementor-gallery__container\">\n\t\t\t\t\t\t\t<a class=\"e-gallery-item elementor-gallery-item elementor-animated-content\" href=\"https:\/\/i0.wp.com\/csdf-rdc.org\/wp-content\/uploads\/2025\/08\/S4.jpg?fit=1920%2C1080&amp;ssl=1\" data-elementor-open-lightbox=\"yes\" data-elementor-lightbox-slideshow=\"all-c6ab087\" data-elementor-lightbox-title=\"S4\" data-e-action-hash=\"#elementor-action%3Aaction%3Dlightbox%26settings%3DeyJpZCI6MjM0NSwidXJsIjoiaHR0cHM6XC9cL2NzZGYtcmRjLm9yZ1wvd3AtY29udGVudFwvdXBsb2Fkc1wvMjAyNVwvMDhcL1M0LmpwZyIsInNsaWRlc2hvdyI6ImFsbC1jNmFiMDg3In0%3D\">\n\t\t\t\t\t<div class=\"e-gallery-image elementor-gallery-item__image\" data-thumbnail=\"https:\/\/i0.wp.com\/csdf-rdc.org\/wp-content\/uploads\/2025\/08\/S4.jpg?fit=1920%2C1080&amp;ssl=1\" data-width=\"1920\" data-height=\"1080\" alt=\"\" ><\/div>\n\t\t\t\t\t\t\t\t\t\t\t<div class=\"elementor-gallery-item__overlay\"><\/div>\n\t\t\t\t\t\t\t\t\t\t\t\t\t\t<\/a>\n\t\t\t\t\t\t\t<a class=\"e-gallery-item elementor-gallery-item elementor-animated-content\" href=\"https:\/\/i0.wp.com\/csdf-rdc.org\/wp-content\/uploads\/2025\/08\/S7.jpg?fit=1920%2C1080&amp;ssl=1\" data-elementor-open-lightbox=\"yes\" data-elementor-lightbox-slideshow=\"all-c6ab087\" data-elementor-lightbox-title=\"S7\" data-e-action-hash=\"#elementor-action%3Aaction%3Dlightbox%26settings%3DeyJpZCI6MjM0MiwidXJsIjoiaHR0cHM6XC9cL2NzZGYtcmRjLm9yZ1wvd3AtY29udGVudFwvdXBsb2Fkc1wvMjAyNVwvMDhcL1M3LmpwZyIsInNsaWRlc2hvdyI6ImFsbC1jNmFiMDg3In0%3D\">\n\t\t\t\t\t<div class=\"e-gallery-image elementor-gallery-item__image\" data-thumbnail=\"https:\/\/i0.wp.com\/csdf-rdc.org\/wp-content\/uploads\/2025\/08\/S7.jpg?fit=1920%2C1080&amp;ssl=1\" data-width=\"1920\" data-height=\"1080\" alt=\"\" ><\/div>\n\t\t\t\t\t\t\t\t\t\t\t<div class=\"elementor-gallery-item__overlay\"><\/div>\n\t\t\t\t\t\t\t\t\t\t\t\t\t\t<\/a>\n\t\t\t\t\t\t\t<a class=\"e-gallery-item elementor-gallery-item elementor-animated-content\" href=\"https:\/\/i0.wp.com\/csdf-rdc.org\/wp-content\/uploads\/2025\/08\/S5.jpg?fit=1920%2C1080&amp;ssl=1\" data-elementor-open-lightbox=\"yes\" data-elementor-lightbox-slideshow=\"all-c6ab087\" data-elementor-lightbox-title=\"S5\" data-e-action-hash=\"#elementor-action%3Aaction%3Dlightbox%26settings%3DeyJpZCI6MjM0NCwidXJsIjoiaHR0cHM6XC9cL2NzZGYtcmRjLm9yZ1wvd3AtY29udGVudFwvdXBsb2Fkc1wvMjAyNVwvMDhcL1M1LmpwZyIsInNsaWRlc2hvdyI6ImFsbC1jNmFiMDg3In0%3D\">\n\t\t\t\t\t<div class=\"e-gallery-image elementor-gallery-item__image\" data-thumbnail=\"https:\/\/i0.wp.com\/csdf-rdc.org\/wp-content\/uploads\/2025\/08\/S5.jpg?fit=1920%2C1080&amp;ssl=1\" data-width=\"1920\" data-height=\"1080\" alt=\"\" ><\/div>\n\t\t\t\t\t\t\t\t\t\t\t<div class=\"elementor-gallery-item__overlay\"><\/div>\n\t\t\t\t\t\t\t\t\t\t\t\t\t\t<\/a>\n\t\t\t\t\t\t\t<a class=\"e-gallery-item elementor-gallery-item elementor-animated-content\" href=\"https:\/\/i0.wp.com\/csdf-rdc.org\/wp-content\/uploads\/2025\/08\/S8.jpg?fit=1920%2C1080&amp;ssl=1\" data-elementor-open-lightbox=\"yes\" data-elementor-lightbox-slideshow=\"all-c6ab087\" data-elementor-lightbox-title=\"S8\" data-e-action-hash=\"#elementor-action%3Aaction%3Dlightbox%26settings%3DeyJpZCI6MjM0MSwidXJsIjoiaHR0cHM6XC9cL2NzZGYtcmRjLm9yZ1wvd3AtY29udGVudFwvdXBsb2Fkc1wvMjAyNVwvMDhcL1M4LmpwZyIsInNsaWRlc2hvdyI6ImFsbC1jNmFiMDg3In0%3D\">\n\t\t\t\t\t<div class=\"e-gallery-image elementor-gallery-item__image\" data-thumbnail=\"https:\/\/i0.wp.com\/csdf-rdc.org\/wp-content\/uploads\/2025\/08\/S8.jpg?fit=1920%2C1080&amp;ssl=1\" data-width=\"1920\" data-height=\"1080\" alt=\"\" ><\/div>\n\t\t\t\t\t\t\t\t\t\t\t<div class=\"elementor-gallery-item__overlay\"><\/div>\n\t\t\t\t\t\t\t\t\t\t\t\t\t\t<\/a>\n\t\t\t\t\t\t\t<a class=\"e-gallery-item elementor-gallery-item elementor-animated-content\" href=\"https:\/\/i0.wp.com\/csdf-rdc.org\/wp-content\/uploads\/2025\/08\/S1.jpg?fit=1920%2C1080&amp;ssl=1\" data-elementor-open-lightbox=\"yes\" data-elementor-lightbox-slideshow=\"all-c6ab087\" data-elementor-lightbox-title=\"S1\" data-e-action-hash=\"#elementor-action%3Aaction%3Dlightbox%26settings%3DeyJpZCI6MjM0OCwidXJsIjoiaHR0cHM6XC9cL2NzZGYtcmRjLm9yZ1wvd3AtY29udGVudFwvdXBsb2Fkc1wvMjAyNVwvMDhcL1MxLmpwZyIsInNsaWRlc2hvdyI6ImFsbC1jNmFiMDg3In0%3D\">\n\t\t\t\t\t<div class=\"e-gallery-image elementor-gallery-item__image\" data-thumbnail=\"https:\/\/i0.wp.com\/csdf-rdc.org\/wp-content\/uploads\/2025\/08\/S1.jpg?fit=1920%2C1080&amp;ssl=1\" data-width=\"1920\" data-height=\"1080\" alt=\"\" ><\/div>\n\t\t\t\t\t\t\t\t\t\t\t<div class=\"elementor-gallery-item__overlay\"><\/div>\n\t\t\t\t\t\t\t\t\t\t\t\t\t\t<\/a>\n\t\t\t\t\t\t\t<a class=\"e-gallery-item elementor-gallery-item elementor-animated-content\" href=\"https:\/\/i0.wp.com\/csdf-rdc.org\/wp-content\/uploads\/2025\/08\/S6.jpg?fit=1920%2C1080&amp;ssl=1\" data-elementor-open-lightbox=\"yes\" data-elementor-lightbox-slideshow=\"all-c6ab087\" data-elementor-lightbox-title=\"S6\" data-e-action-hash=\"#elementor-action%3Aaction%3Dlightbox%26settings%3DeyJpZCI6MjM0MywidXJsIjoiaHR0cHM6XC9cL2NzZGYtcmRjLm9yZ1wvd3AtY29udGVudFwvdXBsb2Fkc1wvMjAyNVwvMDhcL1M2LmpwZyIsInNsaWRlc2hvdyI6ImFsbC1jNmFiMDg3In0%3D\">\n\t\t\t\t\t<div class=\"e-gallery-image elementor-gallery-item__image\" data-thumbnail=\"https:\/\/i0.wp.com\/csdf-rdc.org\/wp-content\/uploads\/2025\/08\/S6.jpg?fit=1920%2C1080&amp;ssl=1\" data-width=\"1920\" data-height=\"1080\" alt=\"\" ><\/div>\n\t\t\t\t\t\t\t\t\t\t\t<div class=\"elementor-gallery-item__overlay\"><\/div>\n\t\t\t\t\t\t\t\t\t\t\t\t\t\t<\/a>\n\t\t\t\t\t\t\t<a class=\"e-gallery-item elementor-gallery-item elementor-animated-content\" href=\"https:\/\/i0.wp.com\/csdf-rdc.org\/wp-content\/uploads\/2025\/08\/S3.jpg?fit=1920%2C1080&amp;ssl=1\" data-elementor-open-lightbox=\"yes\" data-elementor-lightbox-slideshow=\"all-c6ab087\" data-elementor-lightbox-title=\"S3\" data-e-action-hash=\"#elementor-action%3Aaction%3Dlightbox%26settings%3DeyJpZCI6MjM0NiwidXJsIjoiaHR0cHM6XC9cL2NzZGYtcmRjLm9yZ1wvd3AtY29udGVudFwvdXBsb2Fkc1wvMjAyNVwvMDhcL1MzLmpwZyIsInNsaWRlc2hvdyI6ImFsbC1jNmFiMDg3In0%3D\">\n\t\t\t\t\t<div class=\"e-gallery-image elementor-gallery-item__image\" data-thumbnail=\"https:\/\/i0.wp.com\/csdf-rdc.org\/wp-content\/uploads\/2025\/08\/S3.jpg?fit=1920%2C1080&amp;ssl=1\" data-width=\"1920\" data-height=\"1080\" alt=\"\" ><\/div>\n\t\t\t\t\t\t\t\t\t\t\t<div class=\"elementor-gallery-item__overlay\"><\/div>\n\t\t\t\t\t\t\t\t\t\t\t\t\t\t<\/a>\n\t\t\t\t\t\t\t<a class=\"e-gallery-item elementor-gallery-item elementor-animated-content\" href=\"https:\/\/i0.wp.com\/csdf-rdc.org\/wp-content\/uploads\/2025\/08\/S2.jpg?fit=1920%2C1080&amp;ssl=1\" data-elementor-open-lightbox=\"yes\" data-elementor-lightbox-slideshow=\"all-c6ab087\" data-elementor-lightbox-title=\"S2\" data-e-action-hash=\"#elementor-action%3Aaction%3Dlightbox%26settings%3DeyJpZCI6MjM0NywidXJsIjoiaHR0cHM6XC9cL2NzZGYtcmRjLm9yZ1wvd3AtY29udGVudFwvdXBsb2Fkc1wvMjAyNVwvMDhcL1MyLmpwZyIsInNsaWRlc2hvdyI6ImFsbC1jNmFiMDg3In0%3D\">\n\t\t\t\t\t<div class=\"e-gallery-image elementor-gallery-item__image\" data-thumbnail=\"https:\/\/i0.wp.com\/csdf-rdc.org\/wp-content\/uploads\/2025\/08\/S2.jpg?fit=1920%2C1080&amp;ssl=1\" data-width=\"1920\" data-height=\"1080\" alt=\"\" ><\/div>\n\t\t\t\t\t\t\t\t\t\t\t<div class=\"elementor-gallery-item__overlay\"><\/div>\n\t\t\t\t\t\t\t\t\t\t\t\t\t\t<\/a>\n\t\t\t\t\t<\/div>\n\t\t\t\t\t<\/div>\n\t\t\t\t<\/div>\n\t\t\t\t<div class=\"elementor-element elementor-element-040bc53 elementor-widget elementor-widget-text-editor\" data-id=\"040bc53\" data-element_type=\"widget\" data-e-type=\"widget\" data-widget_type=\"text-editor.default\">\n\t\t\t\t<div class=\"elementor-widget-container\">\n\t\t\t\t\t\t\t\t\t<p data-start=\"212\" data-end=\"671\">L\u2019implication des jeunes dans la vie politique est un levier essentiel pour la consolidation de la paix et la construction d\u2019institutions d\u00e9mocratiques inclusives dans les provinces du Nord-Kivu et du Sud-Kivu. Promouvoir leur participation signifie non seulement les encourager \u00e0 exercer leurs droits civiques et \u00e9lectoraux, mais aussi \u00e0 s\u2019approprier l\u2019Agenda mondial <em data-start=\"581\" data-end=\"609\">Jeunesse, Paix et S\u00e9curit\u00e9<\/em> (R\u00e9solution 2250 du Conseil de S\u00e9curit\u00e9 des Nations Unies).<\/p><p data-start=\"673\" data-end=\"1096\">Cet agenda offre un cadre qui reconna\u00eet les jeunes comme des acteurs de changement et non seulement comme des b\u00e9n\u00e9ficiaires. \u00c0 travers des formations, des espaces de dialogue interg\u00e9n\u00e9rationnel, des initiatives communautaires et un meilleur acc\u00e8s \u00e0 l\u2019information politique, les jeunes peuvent renforcer leurs capacit\u00e9s, influencer les politiques publiques et contribuer activement aux processus de paix et de gouvernance.<\/p>\t\t\t\t\t\t\t\t<\/div>\n\t\t\t\t<\/div>\n\t\t\t\t\t<\/div>\n\t\t<\/div>\n\t\t\t\t\t<\/div>\n\t\t<\/section>\n\t\t\t\t\t<\/div>\n\t\t<\/div>\n\t\t\t\t\t<\/div>\n\t\t<\/section>\n\t\t\t\t<section class=\"elementor-section elementor-top-section elementor-element elementor-element-18a253b elementor-section-full_width elementor-section-height-default elementor-section-height-default wpr-particle-no wpr-jarallax-no wpr-parallax-no wpr-sticky-section-no wpr-equal-height-no\" data-id=\"18a253b\" data-element_type=\"section\" data-e-type=\"section\" data-settings=\"{&quot;background_background&quot;:&quot;classic&quot;}\">\n\t\t\t\t\t\t<div class=\"elementor-container elementor-column-gap-default\">\n\t\t\t\t\t<div class=\"elementor-column elementor-col-100 elementor-top-column elementor-element elementor-element-c3128e4\" data-id=\"c3128e4\" data-element_type=\"column\" data-e-type=\"column\">\n\t\t\t<div class=\"elementor-widget-wrap elementor-element-populated\">\n\t\t\t\t\t\t<section class=\"elementor-section elementor-inner-section elementor-element elementor-element-f3eaca5 elementor-section-content-middle elementor-section-boxed elementor-section-height-default elementor-section-height-default wpr-particle-no wpr-jarallax-no wpr-parallax-no wpr-sticky-section-no wpr-equal-height-no\" data-id=\"f3eaca5\" data-element_type=\"section\" data-e-type=\"section\">\n\t\t\t\t\t\t<div class=\"elementor-container elementor-column-gap-default\">\n\t\t\t\t\t<div class=\"elementor-column elementor-col-100 elementor-inner-column elementor-element elementor-element-e5f22ba\" data-id=\"e5f22ba\" data-element_type=\"column\" data-e-type=\"column\">\n\t\t\t<div class=\"elementor-widget-wrap elementor-element-populated\">\n\t\t\t\t\t\t<div class=\"elementor-element elementor-element-5d75282 elementor-widget elementor-widget-heading\" data-id=\"5d75282\" data-element_type=\"widget\" data-e-type=\"widget\" data-widget_type=\"heading.default\">\n\t\t\t\t<div class=\"elementor-widget-container\">\n\t\t\t\t\t<h2 class=\"elementor-heading-title elementor-size-default\">Autonomisation socio-\u00e9conomique des femmes et des jeunes filles de la ville de Goma et ses environs<\/h2>\t\t\t\t<\/div>\n\t\t\t\t<\/div>\n\t\t\t\t<div class=\"elementor-element elementor-element-3a113b1 elementor-widget elementor-widget-gallery\" data-id=\"3a113b1\" data-element_type=\"widget\" data-e-type=\"widget\" data-settings=\"{&quot;columns&quot;:3,&quot;aspect_ratio&quot;:&quot;16:9&quot;,&quot;columns_mobile&quot;:3,&quot;lazyload&quot;:&quot;yes&quot;,&quot;gallery_layout&quot;:&quot;grid&quot;,&quot;columns_tablet&quot;:2,&quot;gap&quot;:{&quot;unit&quot;:&quot;px&quot;,&quot;size&quot;:10,&quot;sizes&quot;:[]},&quot;gap_tablet&quot;:{&quot;unit&quot;:&quot;px&quot;,&quot;size&quot;:10,&quot;sizes&quot;:[]},&quot;gap_mobile&quot;:{&quot;unit&quot;:&quot;px&quot;,&quot;size&quot;:10,&quot;sizes&quot;:[]},&quot;link_to&quot;:&quot;file&quot;,&quot;overlay_background&quot;:&quot;yes&quot;,&quot;content_hover_animation&quot;:&quot;fade-in&quot;}\" data-widget_type=\"gallery.default\">\n\t\t\t\t<div class=\"elementor-widget-container\">\n\t\t\t\t\t\t\t<div class=\"elementor-gallery__container\">\n\t\t\t\t\t\t\t<a class=\"e-gallery-item elementor-gallery-item elementor-animated-content\" href=\"https:\/\/i0.wp.com\/csdf-rdc.org\/wp-content\/uploads\/2024\/12\/csd6.jpg?fit=1920%2C1080&amp;ssl=1\" data-elementor-open-lightbox=\"yes\" data-elementor-lightbox-slideshow=\"all-3a113b1\" data-elementor-lightbox-title=\"csd6\" data-e-action-hash=\"#elementor-action%3Aaction%3Dlightbox%26settings%3DeyJpZCI6OTE4LCJ1cmwiOiJodHRwczpcL1wvY3NkZi1yZGMub3JnXC93cC1jb250ZW50XC91cGxvYWRzXC8yMDI0XC8xMlwvY3NkNi5qcGciLCJzbGlkZXNob3ciOiJhbGwtM2ExMTNiMSJ9\">\n\t\t\t\t\t<div class=\"e-gallery-image elementor-gallery-item__image\" data-thumbnail=\"https:\/\/i0.wp.com\/csdf-rdc.org\/wp-content\/uploads\/2024\/12\/csd6.jpg?fit=1920%2C1080&amp;ssl=1\" data-width=\"1920\" data-height=\"1080\" alt=\"\" ><\/div>\n\t\t\t\t\t\t\t\t\t\t\t<div class=\"elementor-gallery-item__overlay\"><\/div>\n\t\t\t\t\t\t\t\t\t\t\t\t\t\t<\/a>\n\t\t\t\t\t\t\t<a class=\"e-gallery-item elementor-gallery-item elementor-animated-content\" href=\"https:\/\/i0.wp.com\/csdf-rdc.org\/wp-content\/uploads\/2024\/12\/csd5.jpg?fit=1920%2C1080&amp;ssl=1\" data-elementor-open-lightbox=\"yes\" data-elementor-lightbox-slideshow=\"all-3a113b1\" data-elementor-lightbox-title=\"csd5\" data-e-action-hash=\"#elementor-action%3Aaction%3Dlightbox%26settings%3DeyJpZCI6OTE3LCJ1cmwiOiJodHRwczpcL1wvY3NkZi1yZGMub3JnXC93cC1jb250ZW50XC91cGxvYWRzXC8yMDI0XC8xMlwvY3NkNS5qcGciLCJzbGlkZXNob3ciOiJhbGwtM2ExMTNiMSJ9\">\n\t\t\t\t\t<div class=\"e-gallery-image elementor-gallery-item__image\" data-thumbnail=\"https:\/\/i0.wp.com\/csdf-rdc.org\/wp-content\/uploads\/2024\/12\/csd5.jpg?fit=1920%2C1080&amp;ssl=1\" data-width=\"1920\" data-height=\"1080\" alt=\"\" ><\/div>\n\t\t\t\t\t\t\t\t\t\t\t<div class=\"elementor-gallery-item__overlay\"><\/div>\n\t\t\t\t\t\t\t\t\t\t\t\t\t\t<\/a>\n\t\t\t\t\t\t\t<a class=\"e-gallery-item elementor-gallery-item elementor-animated-content\" href=\"https:\/\/i0.wp.com\/csdf-rdc.org\/wp-content\/uploads\/2024\/12\/csd4.jpg?fit=1920%2C1080&amp;ssl=1\" data-elementor-open-lightbox=\"yes\" data-elementor-lightbox-slideshow=\"all-3a113b1\" data-elementor-lightbox-title=\"csd4\" data-e-action-hash=\"#elementor-action%3Aaction%3Dlightbox%26settings%3DeyJpZCI6OTE2LCJ1cmwiOiJodHRwczpcL1wvY3NkZi1yZGMub3JnXC93cC1jb250ZW50XC91cGxvYWRzXC8yMDI0XC8xMlwvY3NkNC5qcGciLCJzbGlkZXNob3ciOiJhbGwtM2ExMTNiMSJ9\">\n\t\t\t\t\t<div class=\"e-gallery-image elementor-gallery-item__image\" data-thumbnail=\"https:\/\/i0.wp.com\/csdf-rdc.org\/wp-content\/uploads\/2024\/12\/csd4.jpg?fit=1920%2C1080&amp;ssl=1\" data-width=\"1920\" data-height=\"1080\" alt=\"\" ><\/div>\n\t\t\t\t\t\t\t\t\t\t\t<div class=\"elementor-gallery-item__overlay\"><\/div>\n\t\t\t\t\t\t\t\t\t\t\t\t\t\t<\/a>\n\t\t\t\t\t\t\t<a class=\"e-gallery-item elementor-gallery-item elementor-animated-content\" href=\"https:\/\/i0.wp.com\/csdf-rdc.org\/wp-content\/uploads\/2024\/12\/csd3.jpg?fit=1920%2C1080&amp;ssl=1\" data-elementor-open-lightbox=\"yes\" data-elementor-lightbox-slideshow=\"all-3a113b1\" data-elementor-lightbox-title=\"csd3\" data-e-action-hash=\"#elementor-action%3Aaction%3Dlightbox%26settings%3DeyJpZCI6OTE1LCJ1cmwiOiJodHRwczpcL1wvY3NkZi1yZGMub3JnXC93cC1jb250ZW50XC91cGxvYWRzXC8yMDI0XC8xMlwvY3NkMy5qcGciLCJzbGlkZXNob3ciOiJhbGwtM2ExMTNiMSJ9\">\n\t\t\t\t\t<div class=\"e-gallery-image elementor-gallery-item__image\" data-thumbnail=\"https:\/\/i0.wp.com\/csdf-rdc.org\/wp-content\/uploads\/2024\/12\/csd3.jpg?fit=1920%2C1080&amp;ssl=1\" data-width=\"1920\" data-height=\"1080\" alt=\"\" ><\/div>\n\t\t\t\t\t\t\t\t\t\t\t<div class=\"elementor-gallery-item__overlay\"><\/div>\n\t\t\t\t\t\t\t\t\t\t\t\t\t\t<\/a>\n\t\t\t\t\t\t\t<a class=\"e-gallery-item elementor-gallery-item elementor-animated-content\" href=\"https:\/\/i0.wp.com\/csdf-rdc.org\/wp-content\/uploads\/2024\/12\/csd2.jpg?fit=1920%2C1080&amp;ssl=1\" data-elementor-open-lightbox=\"yes\" data-elementor-lightbox-slideshow=\"all-3a113b1\" data-elementor-lightbox-title=\"csd2\" data-e-action-hash=\"#elementor-action%3Aaction%3Dlightbox%26settings%3DeyJpZCI6OTE0LCJ1cmwiOiJodHRwczpcL1wvY3NkZi1yZGMub3JnXC93cC1jb250ZW50XC91cGxvYWRzXC8yMDI0XC8xMlwvY3NkMi5qcGciLCJzbGlkZXNob3ciOiJhbGwtM2ExMTNiMSJ9\">\n\t\t\t\t\t<div class=\"e-gallery-image elementor-gallery-item__image\" data-thumbnail=\"https:\/\/i0.wp.com\/csdf-rdc.org\/wp-content\/uploads\/2024\/12\/csd2.jpg?fit=1920%2C1080&amp;ssl=1\" data-width=\"1920\" data-height=\"1080\" alt=\"\" ><\/div>\n\t\t\t\t\t\t\t\t\t\t\t<div class=\"elementor-gallery-item__overlay\"><\/div>\n\t\t\t\t\t\t\t\t\t\t\t\t\t\t<\/a>\n\t\t\t\t\t\t\t<a class=\"e-gallery-item elementor-gallery-item elementor-animated-content\" href=\"https:\/\/i0.wp.com\/csdf-rdc.org\/wp-content\/uploads\/2024\/12\/csd1.jpg?fit=1920%2C1080&amp;ssl=1\" data-elementor-open-lightbox=\"yes\" data-elementor-lightbox-slideshow=\"all-3a113b1\" data-elementor-lightbox-title=\"csd1\" data-e-action-hash=\"#elementor-action%3Aaction%3Dlightbox%26settings%3DeyJpZCI6OTEzLCJ1cmwiOiJodHRwczpcL1wvY3NkZi1yZGMub3JnXC93cC1jb250ZW50XC91cGxvYWRzXC8yMDI0XC8xMlwvY3NkMS5qcGciLCJzbGlkZXNob3ciOiJhbGwtM2ExMTNiMSJ9\">\n\t\t\t\t\t<div class=\"e-gallery-image elementor-gallery-item__image\" data-thumbnail=\"https:\/\/i0.wp.com\/csdf-rdc.org\/wp-content\/uploads\/2024\/12\/csd1.jpg?fit=1920%2C1080&amp;ssl=1\" data-width=\"1920\" data-height=\"1080\" alt=\"\" ><\/div>\n\t\t\t\t\t\t\t\t\t\t\t<div class=\"elementor-gallery-item__overlay\"><\/div>\n\t\t\t\t\t\t\t\t\t\t\t\t\t\t<\/a>\n\t\t\t\t\t<\/div>\n\t\t\t\t\t<\/div>\n\t\t\t\t<\/div>\n\t\t\t\t<div class=\"elementor-element elementor-element-deb6400 elementor-widget elementor-widget-text-editor\" data-id=\"deb6400\" data-element_type=\"widget\" data-e-type=\"widget\" data-widget_type=\"text-editor.default\">\n\t\t\t\t<div class=\"elementor-widget-container\">\n\t\t\t\t\t\t\t\t\t<p data-start=\"160\" data-end=\"553\">La ville de Goma et ses environs font face \u00e0 de nombreux d\u00e9fis li\u00e9s \u00e0 la pauvret\u00e9, au ch\u00f4mage, aux violences bas\u00e9es sur le genre et aux in\u00e9galit\u00e9s persistantes entre hommes et femmes. Dans ce contexte, l\u2019autonomisation socio-\u00e9conomique des femmes et des jeunes filles appara\u00eet comme une priorit\u00e9 strat\u00e9gique pour renforcer leur r\u00e9silience et leur participation active au d\u00e9veloppement local.<\/p><p data-start=\"555\" data-end=\"786\">L\u2019autonomisation socio-\u00e9conomique ne consiste pas seulement \u00e0 am\u00e9liorer les revenus, mais aussi \u00e0 donner aux femmes et aux jeunes filles les moyens de prendre des d\u00e9cisions qui affectent leur vie, leur famille et leur communaut\u00e9.<\/p>\t\t\t\t\t\t\t\t<\/div>\n\t\t\t\t<\/div>\n\t\t\t\t\t<\/div>\n\t\t<\/div>\n\t\t\t\t\t<\/div>\n\t\t<\/section>\n\t\t\t\t\t<\/div>\n\t\t<\/div>\n\t\t\t\t\t<\/div>\n\t\t<\/section>\n\t\t\t\t<\/div>\n\t\t","protected":false},"excerpt":{"rendered":"<p>Promouvoir la participation politique des jeunes au Nord-Kivu et au Sud-Kivu \u00e0 travers l\u2019appropriation de l\u2019agenda Jeunesse, Paix et S\u00e9curit\u00e9 L\u2019implication des jeunes dans la vie politique est un levier essentiel pour la consolidation de la paix et la construction d\u2019institutions d\u00e9mocratiques inclusives dans les provinces du Nord-Kivu et du Sud-Kivu. Promouvoir leur participation signifie non seulement les encourager \u00e0 exercer leurs droits civiques et \u00e9lectoraux, mais aussi \u00e0 s\u2019approprier l\u2019Agenda mondial Jeunesse, Paix et S\u00e9curit\u00e9 (R\u00e9solution 2250 du Conseil de S\u00e9curit\u00e9 des Nations Unies). Cet agenda offre un cadre qui reconna\u00eet les jeunes comme des acteurs de changement et non seulement comme des b\u00e9n\u00e9ficiaires. \u00c0 travers des formations, des espaces de dialogue interg\u00e9n\u00e9rationnel, des initiatives communautaires et un meilleur acc\u00e8s \u00e0 l\u2019information politique, les jeunes peuvent renforcer leurs capacit\u00e9s, influencer les politiques publiques et contribuer activement aux processus de paix et de gouvernance. Autonomisation socio-\u00e9conomique des femmes et des jeunes filles de la ville de Goma et ses environs La ville de Goma et ses environs font face \u00e0 de nombreux d\u00e9fis li\u00e9s \u00e0 la pauvret\u00e9, au ch\u00f4mage, aux violences bas\u00e9es sur le genre et aux in\u00e9galit\u00e9s persistantes entre hommes et femmes. Dans ce contexte, l\u2019autonomisation socio-\u00e9conomique des femmes et des jeunes filles appara\u00eet comme une priorit\u00e9 strat\u00e9gique pour renforcer leur r\u00e9silience et leur participation active au d\u00e9veloppement local. L\u2019autonomisation socio-\u00e9conomique ne consiste pas seulement \u00e0 am\u00e9liorer les revenus, mais aussi \u00e0 donner aux femmes et aux jeunes filles les moyens de prendre des d\u00e9cisions qui affectent leur vie, leur famille et leur communaut\u00e9.<\/p>\n","protected":false},"author":1,"featured_media":0,"parent":0,"menu_order":0,"comment_status":"closed","ping_status":"closed","template":"elementor_header_footer","meta":{"give_campaign_id":0,"advanced_seo_description":"","jetpack_seo_html_title":"","jetpack_seo_noindex":false,"jetpack_post_was_ever_published":false,"footnotes":""},"class_list":["post-819","page","type-page","status-publish"],"campaignId":"","jetpack_sharing_enabled":true,"jetpack-related-posts":[],"_links":{"self":[{"href":"https:\/\/csdf-rdc.org\/index.php?rest_route=\/wp\/v2\/pages\/819","targetHints":{"allow":["GET"]}}],"collection":[{"href":"https:\/\/csdf-rdc.org\/index.php?rest_route=\/wp\/v2\/pages"}],"about":[{"href":"https:\/\/csdf-rdc.org\/index.php?rest_route=\/wp\/v2\/types\/page"}],"author":[{"embeddable":true,"href":"https:\/\/csdf-rdc.org\/index.php?rest_route=\/wp\/v2\/users\/1"}],"replies":[{"embeddable":true,"href":"https:\/\/csdf-rdc.org\/index.php?rest_route=%2Fwp%2Fv2%2Fcomments&post=819"}],"version-history":[{"count":55,"href":"https:\/\/csdf-rdc.org\/index.php?rest_route=\/wp\/v2\/pages\/819\/revisions"}],"predecessor-version":[{"id":2367,"href":"https:\/\/csdf-rdc.org\/index.php?rest_route=\/wp\/v2\/pages\/819\/revisions\/2367"}],"wp:attachment":[{"href":"https:\/\/csdf-rdc.org\/index.php?rest_route=%2Fwp%2Fv2%2Fmedia&parent=819"}],"curies":[{"name":"wp","href":"https:\/\/api.w.org\/{rel}","templated":true}]}}